{"id":221,"date":"2024-04-29T20:32:33","date_gmt":"2024-04-29T20:32:33","guid":{"rendered":"https:\/\/elfaromarinavallarta.com\/?page_id=221"},"modified":"2025-12-15T21:22:45","modified_gmt":"2025-12-15T21:22:45","slug":"menu","status":"publish","type":"page","link":"https:\/\/elfaromarinavallarta.com\/en\/menu\/","title":{"rendered":"MEN\u00da"},"content":{"rendered":"\t\t<div data-elementor-type=\"wp-page\" data-elementor-id=\"221\" class=\"elementor elementor-221\" data-elementor-post-type=\"page\">\n\t\t\t\t\t\t<section class=\"elementor-section elementor-top-section elementor-element elementor-element-68101ad3 elementor-section-height-min-height elementor-section-items-bottom elementor-section-boxed elementor-section-height-default\" data-id=\"68101ad3\" data-element_type=\"section\" data-e-type=\"section\" data-settings=\"{&quot;background_background&quot;:&quot;classic&quot;,&quot;background_motion_fx_motion_fx_scrolling&quot;:&quot;yes&quot;,&quot;background_motion_fx_translateY_effect&quot;:&quot;yes&quot;,&quot;background_motion_fx_translateY_direction&quot;:&quot;negative&quot;,&quot;background_motion_fx_translateY_speed&quot;:{&quot;unit&quot;:&quot;px&quot;,&quot;size&quot;:3,&quot;sizes&quot;:[]},&quot;background_motion_fx_translateY_affectedRange&quot;:{&quot;unit&quot;:&quot;%&quot;,&quot;size&quot;:&quot;&quot;,&quot;sizes&quot;:{&quot;start&quot;:0,&quot;end&quot;:100}},&quot;background_motion_fx_devices&quot;:[&quot;desktop&quot;,&quot;tablet&quot;,&quot;mobile&quot;]}\">\n\t\t\t\t\t\t\t<div class=\"elementor-background-overlay\"><\/div>\n\t\t\t\t\t\t\t<div class=\"elementor-container elementor-column-gap-no\">\n\t\t\t\t\t<div class=\"elementor-column elementor-col-100 elementor-top-column elementor-element elementor-element-0dddc7e\" data-id=\"0dddc7e\" data-element_type=\"column\" data-e-type=\"column\">\n\t\t\t<div class=\"elementor-widget-wrap elementor-element-populated\">\n\t\t\t\t<div class=\"elementor-element elementor-element-aae9ad2 e-flex e-con-boxed e-con e-parent\" data-id=\"aae9ad2\" data-element_type=\"container\" data-e-type=\"container\">\n\t\t\t\t\t<div class=\"e-con-inner\">\n\t\t\t\t<div class=\"elementor-element elementor-element-6f3f593 elementor-widget elementor-widget-spacer\" data-id=\"6f3f593\" data-element_type=\"widget\" data-e-type=\"widget\" data-widget_type=\"spacer.default\">\n\t\t\t\t\t\t\t<div class=\"elementor-spacer\">\n\t\t\t<div class=\"elementor-spacer-inner\"><\/div>\n\t\t<\/div>\n\t\t\t\t\t\t<\/div>\n\t\t\t\t<div class=\"elementor-element elementor-element-988517c elementor-widget elementor-widget-heading\" data-id=\"988517c\" data-element_type=\"widget\" data-e-type=\"widget\" data-widget_type=\"heading.default\">\n\t\t\t\t\t<h2 class=\"elementor-heading-title elementor-size-default\">MEN\u00da<\/h2>\t\t\t\t<\/div>\n\t\t\t\t\t<\/div>\n\t\t\t\t<\/div>\n\t\t\t\t\t<\/div>\n\t\t<\/div>\n\t\t\t\t\t<\/div>\n\t\t<\/section>\n\t\t<div class=\"elementor-element elementor-element-4c4fbcf e-flex e-con-boxed e-con e-parent\" data-id=\"4c4fbcf\" data-element_type=\"container\" data-e-type=\"container\">\n\t\t\t\t\t<div class=\"e-con-inner\">\n\t\t<div class=\"elementor-element elementor-element-8dd40d4 e-con-full e-flex e-con e-child\" data-id=\"8dd40d4\" data-element_type=\"container\" data-e-type=\"container\">\n\t\t\t\t<div class=\"elementor-element elementor-element-2dfd96a elementor-cta--layout-image-above elementor-cta--skin-classic elementor-animated-content elementor-bg-transform elementor-bg-transform-zoom-in elementor-widget elementor-widget-call-to-action\" data-id=\"2dfd96a\" data-element_type=\"widget\" data-e-type=\"widget\" data-widget_type=\"call-to-action.default\">\n\t\t\t\t\t\t\t<a class=\"elementor-cta\" href=\"https:\/\/elfaromarinavallarta.com\/wp-content\/uploads\/2025\/11\/ELFARO-Desayuno-Menu-01-09-25-English_Spanish-.pdf\" target=\"_blank\">\n\t\t\t\t\t<div class=\"elementor-cta__bg-wrapper\">\n\t\t\t\t<div class=\"elementor-cta__bg elementor-bg\" style=\"background-image: url(https:\/\/elfaromarinavallarta.com\/wp-content\/uploads\/2024\/12\/Captura-de-Pantalla-2024-12-19-a-las-12.38.58-1024x696.png);\" role=\"img\" aria-label=\"El faro Marina Vallarta\"><\/div>\n\t\t\t\t<div class=\"elementor-cta__bg-overlay\"><\/div>\n\t\t\t<\/div>\n\t\t\t\t\t\t\t<div class=\"elementor-cta__content\">\n\t\t\t\t\n\t\t\t\t\n\t\t\t\t\n\t\t\t\t\t\t\t\t\t<div class=\"elementor-cta__button-wrapper elementor-cta__content-item elementor-content-item \">\n\t\t\t\t\t<span class=\"elementor-cta__button elementor-button elementor-size-\">\n\t\t\t\t\t\tMEN\u00da DESAYUNO\t\t\t\t\t<\/span>\n\t\t\t\t\t<\/div>\n\t\t\t\t\t\t\t<\/div>\n\t\t\t\t\t\t<\/a>\n\t\t\t\t\t\t<\/div>\n\t\t\t\t<\/div>\n\t\t<div class=\"elementor-element elementor-element-62cb338 e-con-full e-flex e-con e-child\" data-id=\"62cb338\" data-element_type=\"container\" data-e-type=\"container\">\n\t\t\t\t<div class=\"elementor-element elementor-element-be5ecff elementor-cta--layout-image-above elementor-cta--mobile-layout-image-above elementor-cta--skin-classic elementor-animated-content elementor-bg-transform elementor-bg-transform-zoom-in elementor-widget elementor-widget-call-to-action\" data-id=\"be5ecff\" data-element_type=\"widget\" data-e-type=\"widget\" data-widget_type=\"call-to-action.default\">\n\t\t\t\t\t\t\t<a class=\"elementor-cta\" href=\"https:\/\/elfaromarinavallarta.com\/wp-content\/uploads\/2025\/12\/El-Faro-Menu-Cena-01.09.25-English_Spanish-NEW-SEASON-2024-.pdf\" target=\"_blank\">\n\t\t\t\t\t<div class=\"elementor-cta__bg-wrapper\">\n\t\t\t\t<div class=\"elementor-cta__bg elementor-bg\" style=\"background-image: url(https:\/\/elfaromarinavallarta.com\/wp-content\/uploads\/2024\/04\/Captura-de-Pantalla-2024-04-18-a-las-15.58.52-674x1024.png);\" role=\"img\" aria-label=\"ESPECIALES\"><\/div>\n\t\t\t\t<div class=\"elementor-cta__bg-overlay\"><\/div>\n\t\t\t<\/div>\n\t\t\t\t\t\t\t<div class=\"elementor-cta__content\">\n\t\t\t\t\n\t\t\t\t\n\t\t\t\t\n\t\t\t\t\t\t\t\t\t<div class=\"elementor-cta__button-wrapper elementor-cta__content-item elementor-content-item \">\n\t\t\t\t\t<span class=\"elementor-cta__button elementor-button elementor-size-\">\n\t\t\t\t\t\t MEN\u00da  CENA\t\t\t\t\t<\/span>\n\t\t\t\t\t<\/div>\n\t\t\t\t\t\t\t<\/div>\n\t\t\t\t\t\t<\/a>\n\t\t\t\t\t\t<\/div>\n\t\t\t\t<\/div>\n\t\t<div class=\"elementor-element elementor-element-13d11ce e-con-full e-flex e-con e-child\" data-id=\"13d11ce\" data-element_type=\"container\" data-e-type=\"container\">\n\t\t\t\t<div class=\"elementor-element elementor-element-369023b elementor-cta--layout-image-above elementor-cta--mobile-layout-image-above elementor-cta--skin-classic elementor-animated-content elementor-bg-transform elementor-bg-transform-zoom-in elementor-widget elementor-widget-call-to-action\" data-id=\"369023b\" data-element_type=\"widget\" data-e-type=\"widget\" data-widget_type=\"call-to-action.default\">\n\t\t\t\t\t\t\t<a class=\"elementor-cta\" href=\"https:\/\/elfaromarinavallarta.com\/wp-content\/uploads\/2025\/11\/EL-FARO-Cocteles-Menu-01-09-25.pdf\" target=\"_blank\">\n\t\t\t\t\t<div class=\"elementor-cta__bg-wrapper\">\n\t\t\t\t<div class=\"elementor-cta__bg elementor-bg\" style=\"background-image: url(https:\/\/elfaromarinavallarta.com\/wp-content\/uploads\/2025\/01\/Captura-de-Pantalla-2025-01-09-a-las-14.55.44-686x1024.png);\" role=\"img\" aria-label=\"Captura de Pantalla 2025-01-09 a la(s) 14.55.44\"><\/div>\n\t\t\t\t<div class=\"elementor-cta__bg-overlay\"><\/div>\n\t\t\t<\/div>\n\t\t\t\t\t\t\t<div class=\"elementor-cta__content\">\n\t\t\t\t\n\t\t\t\t\n\t\t\t\t\n\t\t\t\t\t\t\t\t\t<div class=\"elementor-cta__button-wrapper elementor-cta__content-item elementor-content-item \">\n\t\t\t\t\t<span class=\"elementor-cta__button elementor-button elementor-size-\">\n\t\t\t\t\t\t MEN\u00da  COCTEL\t\t\t\t\t<\/span>\n\t\t\t\t\t<\/div>\n\t\t\t\t\t\t\t<\/div>\n\t\t\t\t\t\t<\/a>\n\t\t\t\t\t\t<\/div>\n\t\t\t\t<\/div>\n\t\t\t\t\t<\/div>\n\t\t\t\t<\/div>\n\t\t<div class=\"elementor-element elementor-element-7d8c649 e-flex e-con-boxed e-con e-parent\" data-id=\"7d8c649\" data-element_type=\"container\" data-e-type=\"container\">\n\t\t\t\t\t<div class=\"e-con-inner\">\n\t\t<div class=\"elementor-element elementor-element-039e65c e-con-full e-flex e-con e-child\" data-id=\"039e65c\" data-element_type=\"container\" data-e-type=\"container\">\n\t\t<div class=\"elementor-element elementor-element-16cf723 e-con-full e-flex e-con e-child\" data-id=\"16cf723\" data-element_type=\"container\" data-e-type=\"container\">\n\t\t\t\t<div class=\"elementor-element elementor-element-28b1990 elementor-cta--layout-image-above elementor-cta--mobile-layout-image-above elementor-cta--skin-classic elementor-animated-content elementor-bg-transform elementor-bg-transform-zoom-in elementor-widget elementor-widget-call-to-action\" data-id=\"28b1990\" data-element_type=\"widget\" data-e-type=\"widget\" data-widget_type=\"call-to-action.default\">\n\t\t\t\t\t\t\t<a class=\"elementor-cta\" href=\"https:\/\/elfaromarinavallarta.com\/wp-content\/uploads\/2025\/11\/navidad.jpeg\" target=\"_blank\">\n\t\t\t\t\t<div class=\"elementor-cta__bg-wrapper\">\n\t\t\t\t<div class=\"elementor-cta__bg elementor-bg\" style=\"background-image: url(https:\/\/elfaromarinavallarta.com\/wp-content\/uploads\/2025\/11\/navidad-724x1024.jpeg);\" role=\"img\" aria-label=\"navidad\"><\/div>\n\t\t\t\t<div class=\"elementor-cta__bg-overlay\"><\/div>\n\t\t\t<\/div>\n\t\t\t\t\t\t\t<div class=\"elementor-cta__content\">\n\t\t\t\t\n\t\t\t\t\n\t\t\t\t\n\t\t\t\t\t\t\t\t\t<div class=\"elementor-cta__button-wrapper elementor-cta__content-item elementor-content-item \">\n\t\t\t\t\t<span class=\"elementor-cta__button elementor-button elementor-size-\">\n\t\t\t\t\t\tCENA NAVIDE\u00d1A\t\t\t\t\t<\/span>\n\t\t\t\t\t<\/div>\n\t\t\t\t\t\t\t<\/div>\n\t\t\t\t\t\t<\/a>\n\t\t\t\t\t\t<\/div>\n\t\t\t\t<\/div>\n\t\t\t\t<\/div>\n\t\t<div class=\"elementor-element elementor-element-ead73f2 e-con-full e-flex e-con e-child\" data-id=\"ead73f2\" data-element_type=\"container\" data-e-type=\"container\">\n\t\t\t\t<div class=\"elementor-element elementor-element-36ac68d elementor-cta--layout-image-above elementor-cta--mobile-layout-image-above elementor-cta--skin-classic elementor-animated-content elementor-bg-transform elementor-bg-transform-zoom-in elementor-widget elementor-widget-call-to-action\" data-id=\"36ac68d\" data-element_type=\"widget\" data-e-type=\"widget\" data-widget_type=\"call-to-action.default\">\n\t\t\t\t\t\t\t<a class=\"elementor-cta\" href=\"https:\/\/elfaromarinavallarta.com\/wp-content\/uploads\/2025\/12\/MenuAnoNuevoFaro-1.pdf\" target=\"_blank\">\n\t\t\t\t\t<div class=\"elementor-cta__bg-wrapper\">\n\t\t\t\t<div class=\"elementor-cta__bg elementor-bg\" style=\"background-image: url(https:\/\/elfaromarinavallarta.com\/wp-content\/uploads\/2025\/12\/Captura-de-pantalla-2025-12-15-a-las-3.20.17-p.m-714x1024.png);\" role=\"img\" aria-label=\"cena\"><\/div>\n\t\t\t\t<div class=\"elementor-cta__bg-overlay\"><\/div>\n\t\t\t<\/div>\n\t\t\t\t\t\t\t<div class=\"elementor-cta__content\">\n\t\t\t\t\n\t\t\t\t\n\t\t\t\t\n\t\t\t\t\t\t\t\t\t<div class=\"elementor-cta__button-wrapper elementor-cta__content-item elementor-content-item \">\n\t\t\t\t\t<span class=\"elementor-cta__button elementor-button elementor-size-\">\n\t\t\t\t\t\tCENA A\u00d1O NUEVO  \t\t\t\t\t<\/span>\n\t\t\t\t\t<\/div>\n\t\t\t\t\t\t\t<\/div>\n\t\t\t\t\t\t<\/a>\n\t\t\t\t\t\t<\/div>\n\t\t\t\t<\/div>\n\t\t<div class=\"elementor-element elementor-element-83e417d e-con-full e-flex e-con e-child\" data-id=\"83e417d\" data-element_type=\"container\" data-e-type=\"container\">\n\t\t\t\t<div class=\"elementor-element elementor-element-b60ebdf elementor-cta--layout-image-above elementor-cta--mobile-layout-image-above elementor-cta--skin-classic elementor-animated-content elementor-bg-transform elementor-bg-transform-zoom-in elementor-widget elementor-widget-call-to-action\" data-id=\"b60ebdf\" data-element_type=\"widget\" data-e-type=\"widget\" data-widget_type=\"call-to-action.default\">\n\t\t\t\t\t\t\t<a class=\"elementor-cta\" href=\"https:\/\/elfaromarinavallarta.com\/wp-content\/uploads\/2025\/12\/KidsNavidad-1.pdf\" target=\"_blank\">\n\t\t\t\t\t<div class=\"elementor-cta__bg-wrapper\">\n\t\t\t\t<div class=\"elementor-cta__bg elementor-bg\" style=\"background-image: url(https:\/\/elfaromarinavallarta.com\/wp-content\/uploads\/2025\/12\/Captura-de-pantalla-2025-12-15-a-las-3.18.10-p.m-704x1024.png);\" role=\"img\" aria-label=\"kids menu\"><\/div>\n\t\t\t\t<div class=\"elementor-cta__bg-overlay\"><\/div>\n\t\t\t<\/div>\n\t\t\t\t\t\t\t<div class=\"elementor-cta__content\">\n\t\t\t\t\n\t\t\t\t\n\t\t\t\t\n\t\t\t\t\t\t\t\t\t<div class=\"elementor-cta__button-wrapper elementor-cta__content-item elementor-content-item \">\n\t\t\t\t\t<span class=\"elementor-cta__button elementor-button elementor-size-\">\n\t\t\t\t\t\tKIDS MENU\t\t\t\t\t<\/span>\n\t\t\t\t\t<\/div>\n\t\t\t\t\t\t\t<\/div>\n\t\t\t\t\t\t<\/a>\n\t\t\t\t\t\t<\/div>\n\t\t\t\t<\/div>\n\t\t\t\t\t<\/div>\n\t\t\t\t<\/div>\n\t\t<div class=\"elementor-element elementor-element-150b0aa e-flex e-con-boxed e-con e-parent\" data-id=\"150b0aa\" data-element_type=\"container\" data-e-type=\"container\">\n\t\t\t\t\t<div class=\"e-con-inner\">\n\t\t\t\t<div class=\"elementor-element elementor-element-ebe32ca elementor-align-center elementor-hidden-phone elementor-widget elementor-widget-button\" data-id=\"ebe32ca\" data-element_type=\"widget\" data-e-type=\"widget\" data-widget_type=\"button.default\">\n\t\t\t\t\t\t\t\t\t\t<a class=\"elementor-button elementor-button-link elementor-size-md\" href=\"https:\/\/reservandonos.com\/lugar\/restaurante-36-by-el-faro-puerto-vallarta\/\" target=\"_blank\">\n\t\t\t\t\t\t<span class=\"elementor-button-content-wrapper\">\n\t\t\t\t\t\t<span class=\"elementor-button-icon\">\n\t\t\t\t<svg aria-hidden=\"true\" class=\"e-font-icon-svg e-fas-long-arrow-alt-right\" viewBox=\"0 0 448 512\" xmlns=\"http:\/\/www.w3.org\/2000\/svg\"><path d=\"M313.941 216H12c-6.627 0-12 5.373-12 12v56c0 6.627 5.373 12 12 12h301.941v46.059c0 21.382 25.851 32.09 40.971 16.971l86.059-86.059c9.373-9.373 9.373-24.569 0-33.941l-86.059-86.059c-15.119-15.119-40.971-4.411-40.971 16.971V216z\"><\/path><\/svg>\t\t\t<\/span>\n\t\t\t\t\t\t\t\t\t<span class=\"elementor-button-text\">RESERVA TU LUGAR <\/span>\n\t\t\t\t\t<\/span>\n\t\t\t\t\t<\/a>\n\t\t\t\t\t\t\t\t<\/div>\n\t\t\t\t\t<\/div>\n\t\t\t\t<\/div>\n\t\t<div class=\"elementor-element elementor-element-c1ac9fd e-flex e-con-boxed e-con e-parent\" data-id=\"c1ac9fd\" data-element_type=\"container\" data-e-type=\"container\">\n\t\t\t\t\t<div class=\"e-con-inner\">\n\t\t\t\t<div class=\"elementor-element elementor-element-d3b7017 elementor-widget elementor-widget-spacer\" data-id=\"d3b7017\" data-element_type=\"widget\" data-e-type=\"widget\" data-widget_type=\"spacer.default\">\n\t\t\t\t\t\t\t<div class=\"elementor-spacer\">\n\t\t\t<div class=\"elementor-spacer-inner\"><\/div>\n\t\t<\/div>\n\t\t\t\t\t\t<\/div>\n\t\t\t\t\t<\/div>\n\t\t\t\t<\/div>\n\t\t\t\t<\/div>\n\t\t","protected":false},"excerpt":{"rendered":"<p>MEN\u00da MEN\u00da DESAYUNO MEN\u00da CENA MEN\u00da COCTEL CENA NAVIDE\u00d1A CENA A\u00d1O NUEVO KIDS MENU RESERVA TU LUGAR<\/p>","protected":false},"author":2,"featured_media":1260,"parent":0,"menu_order":0,"comment_status":"closed","ping_status":"closed","template":"elementor_header_footer","meta":{"footnotes":""},"class_list":["post-221","page","type-page","status-publish","has-post-thumbnail","hentry"],"yoast_head":"<!-- This site is optimized with the Yoast SEO Premium plugin v23.9 (Yoast SEO v27.4) - https:\/\/yoast.com\/product\/yoast-seo-premium-wordpress\/ -->\n<title>MEN\u00da - El Faro Marina Vallarta.<\/title>\n<meta name=\"description\" content=\"hotcakes marina vallarta, waffles marina vallarta, hamburguesa , beer marina vallarta, tequila marina vallarta, breakfast marina vallarta, vallarta, secret restaurant puerto vallarta, top 10 restaurant puerto vallarta, fine dining restaurant puerto vallarta, experience restaurant puerto vallarta, best restaurant puerto vallarta\" \/>\n<meta name=\"robots\" content=\"index, follow, max-snippet:-1, max-image-preview:large, max-video-preview:-1\" \/>\n<link rel=\"canonical\" href=\"https:\/\/elfaromarinavallarta.com\/en\/menu\/\" \/>\n<meta property=\"og:locale\" content=\"en_US\" \/>\n<meta property=\"og:type\" content=\"article\" \/>\n<meta property=\"og:title\" content=\"MEN\u00da\" \/>\n<meta property=\"og:description\" content=\"hotcakes marina vallarta, waffles marina vallarta, hamburguesa , beer marina vallarta, tequila marina vallarta, breakfast marina vallarta, vallarta, secret restaurant puerto vallarta, top 10 restaurant puerto vallarta, fine dining restaurant puerto vallarta, experience restaurant puerto vallarta, best restaurant puerto vallarta\" \/>\n<meta property=\"og:url\" content=\"https:\/\/elfaromarinavallarta.com\/en\/menu\/\" \/>\n<meta property=\"og:site_name\" content=\"El Faro Marina Vallarta.\" \/>\n<meta property=\"article:modified_time\" content=\"2025-12-15T21:22:45+00:00\" \/>\n<meta property=\"og:image\" content=\"https:\/\/elfaromarinavallarta.com\/wp-content\/uploads\/2024\/06\/Captura-de-Pantalla-2024-06-17-a-las-13.52.49.png\" \/>\n\t<meta property=\"og:image:width\" content=\"1728\" \/>\n\t<meta property=\"og:image:height\" content=\"1152\" \/>\n\t<meta property=\"og:image:type\" content=\"image\/png\" \/>\n<meta name=\"twitter:card\" content=\"summary_large_image\" \/>\n<meta name=\"twitter:label1\" content=\"Est. reading time\" \/>\n\t<meta name=\"twitter:data1\" content=\"1 minute\" \/>\n<script type=\"application\/ld+json\" class=\"yoast-schema-graph\">{\"@context\":\"https:\\\/\\\/schema.org\",\"@graph\":[{\"@type\":\"WebPage\",\"@id\":\"https:\\\/\\\/elfaromarinavallarta.com\\\/menu\\\/\",\"url\":\"https:\\\/\\\/elfaromarinavallarta.com\\\/menu\\\/\",\"name\":\"MEN\u00da - El Faro Marina Vallarta.\",\"isPartOf\":{\"@id\":\"https:\\\/\\\/elfaromarinavallarta.com\\\/#website\"},\"primaryImageOfPage\":{\"@id\":\"https:\\\/\\\/elfaromarinavallarta.com\\\/menu\\\/#primaryimage\"},\"image\":{\"@id\":\"https:\\\/\\\/elfaromarinavallarta.com\\\/menu\\\/#primaryimage\"},\"thumbnailUrl\":\"https:\\\/\\\/elfaromarinavallarta.com\\\/wp-content\\\/uploads\\\/2024\\\/06\\\/Captura-de-Pantalla-2024-06-17-a-las-13.52.49.png\",\"datePublished\":\"2024-04-29T20:32:33+00:00\",\"dateModified\":\"2025-12-15T21:22:45+00:00\",\"description\":\"hotcakes marina vallarta, waffles marina vallarta, hamburguesa , beer marina vallarta, tequila marina vallarta, breakfast marina vallarta, vallarta, secret restaurant puerto vallarta, top 10 restaurant puerto vallarta, fine dining restaurant puerto vallarta, experience restaurant puerto vallarta, best restaurant puerto vallarta\",\"breadcrumb\":{\"@id\":\"https:\\\/\\\/elfaromarinavallarta.com\\\/menu\\\/#breadcrumb\"},\"inLanguage\":\"en-US\",\"potentialAction\":[{\"@type\":\"ReadAction\",\"target\":[\"https:\\\/\\\/elfaromarinavallarta.com\\\/menu\\\/\"]}]},{\"@type\":\"ImageObject\",\"inLanguage\":\"en-US\",\"@id\":\"https:\\\/\\\/elfaromarinavallarta.com\\\/menu\\\/#primaryimage\",\"url\":\"https:\\\/\\\/elfaromarinavallarta.com\\\/wp-content\\\/uploads\\\/2024\\\/06\\\/Captura-de-Pantalla-2024-06-17-a-las-13.52.49.png\",\"contentUrl\":\"https:\\\/\\\/elfaromarinavallarta.com\\\/wp-content\\\/uploads\\\/2024\\\/06\\\/Captura-de-Pantalla-2024-06-17-a-las-13.52.49.png\",\"width\":1728,\"height\":1152},{\"@type\":\"BreadcrumbList\",\"@id\":\"https:\\\/\\\/elfaromarinavallarta.com\\\/menu\\\/#breadcrumb\",\"itemListElement\":[{\"@type\":\"ListItem\",\"position\":1,\"name\":\"Home\",\"item\":\"https:\\\/\\\/elfaromarinavallarta.com\\\/\"},{\"@type\":\"ListItem\",\"position\":2,\"name\":\"MEN\u00da\"}]},{\"@type\":\"WebSite\",\"@id\":\"https:\\\/\\\/elfaromarinavallarta.com\\\/#website\",\"url\":\"https:\\\/\\\/elfaromarinavallarta.com\\\/\",\"name\":\"El Faro Marina Vallarta.\",\"description\":\"\",\"publisher\":{\"@id\":\"https:\\\/\\\/elfaromarinavallarta.com\\\/#organization\"},\"potentialAction\":[{\"@type\":\"SearchAction\",\"target\":{\"@type\":\"EntryPoint\",\"urlTemplate\":\"https:\\\/\\\/elfaromarinavallarta.com\\\/?s={search_term_string}\"},\"query-input\":{\"@type\":\"PropertyValueSpecification\",\"valueRequired\":true,\"valueName\":\"search_term_string\"}}],\"inLanguage\":\"en-US\"},{\"@type\":\"Organization\",\"@id\":\"https:\\\/\\\/elfaromarinavallarta.com\\\/#organization\",\"name\":\"El Faro Marina Vallarta.\",\"url\":\"https:\\\/\\\/elfaromarinavallarta.com\\\/\",\"logo\":{\"@type\":\"ImageObject\",\"inLanguage\":\"en-US\",\"@id\":\"https:\\\/\\\/elfaromarinavallarta.com\\\/#\\\/schema\\\/logo\\\/image\\\/\",\"url\":\"https:\\\/\\\/elfaromarinavallarta.com\\\/wp-content\\\/uploads\\\/2024\\\/04\\\/cropped-El-Faro_Logo_Negativo-scaled-1.jpg\",\"contentUrl\":\"https:\\\/\\\/elfaromarinavallarta.com\\\/wp-content\\\/uploads\\\/2024\\\/04\\\/cropped-El-Faro_Logo_Negativo-scaled-1.jpg\",\"width\":1700,\"height\":1052,\"caption\":\"El Faro Marina Vallarta.\"},\"image\":{\"@id\":\"https:\\\/\\\/elfaromarinavallarta.com\\\/#\\\/schema\\\/logo\\\/image\\\/\"}}]}<\/script>\n<!-- \/ Yoast SEO Premium plugin. -->","yoast_head_json":{"title":"MEN\u00da - El Faro Marina Vallarta.","description":"hotcakes marina vallarta, waffles marina vallarta, hamburguesa , beer marina vallarta, tequila marina vallarta, breakfast marina vallarta, vallarta, secret restaurant puerto vallarta, top 10 restaurant puerto vallarta, fine dining restaurant puerto vallarta, experience restaurant puerto vallarta, best restaurant puerto vallarta","robots":{"index":"index","follow":"follow","max-snippet":"max-snippet:-1","max-image-preview":"max-image-preview:large","max-video-preview":"max-video-preview:-1"},"canonical":"https:\/\/elfaromarinavallarta.com\/en\/menu\/","og_locale":"en_US","og_type":"article","og_title":"MEN\u00da","og_description":"hotcakes marina vallarta, waffles marina vallarta, hamburguesa , beer marina vallarta, tequila marina vallarta, breakfast marina vallarta, vallarta, secret restaurant puerto vallarta, top 10 restaurant puerto vallarta, fine dining restaurant puerto vallarta, experience restaurant puerto vallarta, best restaurant puerto vallarta","og_url":"https:\/\/elfaromarinavallarta.com\/en\/menu\/","og_site_name":"El Faro Marina Vallarta.","article_modified_time":"2025-12-15T21:22:45+00:00","og_image":[{"width":1728,"height":1152,"url":"https:\/\/elfaromarinavallarta.com\/wp-content\/uploads\/2024\/06\/Captura-de-Pantalla-2024-06-17-a-las-13.52.49.png","type":"image\/png"}],"twitter_card":"summary_large_image","twitter_misc":{"Est. reading time":"1 minute"},"schema":{"@context":"https:\/\/schema.org","@graph":[{"@type":"WebPage","@id":"https:\/\/elfaromarinavallarta.com\/menu\/","url":"https:\/\/elfaromarinavallarta.com\/menu\/","name":"MEN\u00da - El Faro Marina Vallarta.","isPartOf":{"@id":"https:\/\/elfaromarinavallarta.com\/#website"},"primaryImageOfPage":{"@id":"https:\/\/elfaromarinavallarta.com\/menu\/#primaryimage"},"image":{"@id":"https:\/\/elfaromarinavallarta.com\/menu\/#primaryimage"},"thumbnailUrl":"https:\/\/elfaromarinavallarta.com\/wp-content\/uploads\/2024\/06\/Captura-de-Pantalla-2024-06-17-a-las-13.52.49.png","datePublished":"2024-04-29T20:32:33+00:00","dateModified":"2025-12-15T21:22:45+00:00","description":"hotcakes marina vallarta, waffles marina vallarta, hamburguesa , beer marina vallarta, tequila marina vallarta, breakfast marina vallarta, vallarta, secret restaurant puerto vallarta, top 10 restaurant puerto vallarta, fine dining restaurant puerto vallarta, experience restaurant puerto vallarta, best restaurant puerto vallarta","breadcrumb":{"@id":"https:\/\/elfaromarinavallarta.com\/menu\/#breadcrumb"},"inLanguage":"en-US","potentialAction":[{"@type":"ReadAction","target":["https:\/\/elfaromarinavallarta.com\/menu\/"]}]},{"@type":"ImageObject","inLanguage":"en-US","@id":"https:\/\/elfaromarinavallarta.com\/menu\/#primaryimage","url":"https:\/\/elfaromarinavallarta.com\/wp-content\/uploads\/2024\/06\/Captura-de-Pantalla-2024-06-17-a-las-13.52.49.png","contentUrl":"https:\/\/elfaromarinavallarta.com\/wp-content\/uploads\/2024\/06\/Captura-de-Pantalla-2024-06-17-a-las-13.52.49.png","width":1728,"height":1152},{"@type":"BreadcrumbList","@id":"https:\/\/elfaromarinavallarta.com\/menu\/#breadcrumb","itemListElement":[{"@type":"ListItem","position":1,"name":"Home","item":"https:\/\/elfaromarinavallarta.com\/"},{"@type":"ListItem","position":2,"name":"MEN\u00da"}]},{"@type":"WebSite","@id":"https:\/\/elfaromarinavallarta.com\/#website","url":"https:\/\/elfaromarinavallarta.com\/","name":"El Faro Marina Vallarta.","description":"","publisher":{"@id":"https:\/\/elfaromarinavallarta.com\/#organization"},"potentialAction":[{"@type":"SearchAction","target":{"@type":"EntryPoint","urlTemplate":"https:\/\/elfaromarinavallarta.com\/?s={search_term_string}"},"query-input":{"@type":"PropertyValueSpecification","valueRequired":true,"valueName":"search_term_string"}}],"inLanguage":"en-US"},{"@type":"Organization","@id":"https:\/\/elfaromarinavallarta.com\/#organization","name":"El Faro Marina Vallarta.","url":"https:\/\/elfaromarinavallarta.com\/","logo":{"@type":"ImageObject","inLanguage":"en-US","@id":"https:\/\/elfaromarinavallarta.com\/#\/schema\/logo\/image\/","url":"https:\/\/elfaromarinavallarta.com\/wp-content\/uploads\/2024\/04\/cropped-El-Faro_Logo_Negativo-scaled-1.jpg","contentUrl":"https:\/\/elfaromarinavallarta.com\/wp-content\/uploads\/2024\/04\/cropped-El-Faro_Logo_Negativo-scaled-1.jpg","width":1700,"height":1052,"caption":"El Faro Marina Vallarta."},"image":{"@id":"https:\/\/elfaromarinavallarta.com\/#\/schema\/logo\/image\/"}}]}},"_links":{"self":[{"href":"https:\/\/elfaromarinavallarta.com\/en\/wp-json\/wp\/v2\/pages\/221","targetHints":{"allow":["GET"]}}],"collection":[{"href":"https:\/\/elfaromarinavallarta.com\/en\/wp-json\/wp\/v2\/pages"}],"about":[{"href":"https:\/\/elfaromarinavallarta.com\/en\/wp-json\/wp\/v2\/types\/page"}],"author":[{"embeddable":true,"href":"https:\/\/elfaromarinavallarta.com\/en\/wp-json\/wp\/v2\/users\/2"}],"replies":[{"embeddable":true,"href":"https:\/\/elfaromarinavallarta.com\/en\/wp-json\/wp\/v2\/comments?post=221"}],"version-history":[{"count":106,"href":"https:\/\/elfaromarinavallarta.com\/en\/wp-json\/wp\/v2\/pages\/221\/revisions"}],"predecessor-version":[{"id":3096,"href":"https:\/\/elfaromarinavallarta.com\/en\/wp-json\/wp\/v2\/pages\/221\/revisions\/3096"}],"wp:featuredmedia":[{"embeddable":true,"href":"https:\/\/elfaromarinavallarta.com\/en\/wp-json\/wp\/v2\/media\/1260"}],"wp:attachment":[{"href":"https:\/\/elfaromarinavallarta.com\/en\/wp-json\/wp\/v2\/media?parent=221"}],"curies":[{"name":"wp","href":"https:\/\/api.w.org\/{rel}","templated":true}]}}